{"id":48,"date":"2024-01-23T03:42:59","date_gmt":"2024-01-23T03:42:59","guid":{"rendered":"http:\/\/localhost\/kawac2.0\/?page_id=48"},"modified":"2024-01-23T04:06:22","modified_gmt":"2024-01-23T04:06:22","slug":"proporcionamos-servicios-de-acuerdo-con-las-normas-de-calidad-exigidas-por-la-industria-y-nuestros-clientes","status":"publish","type":"page","link":"https:\/\/kawaconstruction.com\/en\/asfaltos\/proporcionamos-servicios-de-acuerdo-con-las-normas-de-calidad-exigidas-por-la-industria-y-nuestros-clientes\/","title":{"rendered":"We provide services in accordance with the quality standards required by the industry and our clients."},"content":{"rendered":"<p>At KAWAC we have a wide variety of asphalt implementation techniques. Thanks to the fact that we have our own plant, we can apply and adjust to specific needs, whether it is laying down a layer, sealing, milling or patching asphalt pavements and different irrigation methods of primer and ligation. With our technology we seek to be leaders in the region.<\/p>\n<p>&nbsp;<\/p>\n<p><span style=\"color: #2b396f;\">KAWAC ASPHALT SERVICES<\/span><\/p>\n<p>&nbsp;<\/p>\n<p><span class=\"dot\">Fabrication and application of asphaltic concrete<\/span><br \/>\n<span class=\"dot\">Fabrication and application of asphaltic emulsion<\/span><br \/>\n<span class=\"dot\">Fabrication and application of asphaltic sealing<\/span><br \/>\n<span class=\"dot\">3A<\/span><br \/>\n<span class=\"dot\">3E<\/span><br \/>\n<span class=\"dot\">3S<\/span><\/p>","protected":false},"excerpt":{"rendered":"<p>En KAWAC contamos con una gran variedad de t\u00e9cnicas de implementaci\u00f3n asf\u00e1ltica. Gracias a que contamos con nuestra propia planta, podemos aplicar y ajustarnos a necesidades espec\u00edficas, ya sea tender [&hellip;]<\/p>","protected":false},"author":1,"featured_media":0,"parent":46,"menu_order":0,"comment_status":"closed","ping_status":"closed","template":"","meta":{"footnotes":""},"class_list":["post-48","page","type-page","status-publish","hentry"],"acf":[],"_links":{"self":[{"href":"https:\/\/kawaconstruction.com\/en\/wp-json\/wp\/v2\/pages\/48","targetHints":{"allow":["GET"]}}],"collection":[{"href":"https:\/\/kawaconstruction.com\/en\/wp-json\/wp\/v2\/pages"}],"about":[{"href":"https:\/\/kawaconstruction.com\/en\/wp-json\/wp\/v2\/types\/page"}],"author":[{"embeddable":true,"href":"https:\/\/kawaconstruction.com\/en\/wp-json\/wp\/v2\/users\/1"}],"replies":[{"embeddable":true,"href":"https:\/\/kawaconstruction.com\/en\/wp-json\/wp\/v2\/comments?post=48"}],"version-history":[{"count":4,"href":"https:\/\/kawaconstruction.com\/en\/wp-json\/wp\/v2\/pages\/48\/revisions"}],"predecessor-version":[{"id":52,"href":"https:\/\/kawaconstruction.com\/en\/wp-json\/wp\/v2\/pages\/48\/revisions\/52"}],"up":[{"embeddable":true,"href":"https:\/\/kawaconstruction.com\/en\/wp-json\/wp\/v2\/pages\/46"}],"wp:attachment":[{"href":"https:\/\/kawaconstruction.com\/en\/wp-json\/wp\/v2\/media?parent=48"}],"curies":[{"name":"wp","href":"https:\/\/api.w.org\/{rel}","templated":true}]}}