{"id":37,"date":"2024-01-23T03:07:53","date_gmt":"2024-01-23T03:07:53","guid":{"rendered":"http:\/\/localhost\/kawac2.0\/?page_id=37"},"modified":"2024-01-23T03:24:40","modified_gmt":"2024-01-23T03:24:40","slug":"nos-dedicamos-a-brindar-servicios-de-calidad","status":"publish","type":"page","link":"https:\/\/kawaconstruction.com\/en\/nosotros\/nos-dedicamos-a-brindar-servicios-de-calidad\/","title":{"rendered":"We are dedicated to providing quality services"},"content":{"rendered":"<p><span style=\"color: #2b396f;\"><strong>KAWAC CONSTRUCCIONES S.A. de C.V<\/strong><\/span>, is a Mexican company dedicated to providing construction services, pavements and asphalt mixtures, design and rental of machinery in the public and private sphere, whose mission is to satisfy the needs of our clients before, during and after the project is completed.<\/p>\n<p>&nbsp;<\/p>\n<p>The above in compliance with quality standards and norms, respecting the environment, the workforce and everything related to our company, always seeking opportunities for the development of its workers, generating strategic links with its owners and shareholders.<\/p>\n<p>&nbsp;<\/p>\n<p><span style=\"color: #2b396f;\">SOCIAL OBJECT:<\/span><br \/>\nManufacture, supply and placement of asphalt mixtures, construction, building, urban infrastructure, transportation infrastructure, road infrastructure, rental of equipment and heavy machinery, finishes, coatings, installations, remodeling, structural projects, architectural projects, topographic surveys, management and supervision working.<\/p>\n<p>&nbsp;<\/p>\n<p>We grow and position ourselves as a leading company in paving, design and construction in our country, constantly updating our services, using the best technologies, materials, equipment and also our staff to offer and provide our clients with quality and cost.<\/p>","protected":false},"excerpt":{"rendered":"<p>KAWAC CONSTRUCCIONES S.A. de C.V, es una empresa mexicana dedicada a brindar servicios de construcci\u00f3n, pavimentos y mezclas asf\u00e1lticas, dise\u00f1o y renta de maquinaria en el \u00e1mbito p\u00fablico y privado, [&hellip;]<\/p>","protected":false},"author":1,"featured_media":45,"parent":35,"menu_order":0,"comment_status":"closed","ping_status":"closed","template":"","meta":{"footnotes":""},"class_list":["post-37","page","type-page","status-publish","has-post-thumbnail","hentry"],"acf":[],"_links":{"self":[{"href":"https:\/\/kawaconstruction.com\/en\/wp-json\/wp\/v2\/pages\/37","targetHints":{"allow":["GET"]}}],"collection":[{"href":"https:\/\/kawaconstruction.com\/en\/wp-json\/wp\/v2\/pages"}],"about":[{"href":"https:\/\/kawaconstruction.com\/en\/wp-json\/wp\/v2\/types\/page"}],"author":[{"embeddable":true,"href":"https:\/\/kawaconstruction.com\/en\/wp-json\/wp\/v2\/users\/1"}],"replies":[{"embeddable":true,"href":"https:\/\/kawaconstruction.com\/en\/wp-json\/wp\/v2\/comments?post=37"}],"version-history":[{"count":3,"href":"https:\/\/kawaconstruction.com\/en\/wp-json\/wp\/v2\/pages\/37\/revisions"}],"predecessor-version":[{"id":42,"href":"https:\/\/kawaconstruction.com\/en\/wp-json\/wp\/v2\/pages\/37\/revisions\/42"}],"up":[{"embeddable":true,"href":"https:\/\/kawaconstruction.com\/en\/wp-json\/wp\/v2\/pages\/35"}],"wp:featuredmedia":[{"embeddable":true,"href":"https:\/\/kawaconstruction.com\/en\/wp-json\/wp\/v2\/media\/45"}],"wp:attachment":[{"href":"https:\/\/kawaconstruction.com\/en\/wp-json\/wp\/v2\/media?parent=37"}],"curies":[{"name":"wp","href":"https:\/\/api.w.org\/{rel}","templated":true}]}}