{"id":11,"date":"2024-01-20T05:38:40","date_gmt":"2024-01-20T05:38:40","guid":{"rendered":"http:\/\/localhost\/kawac2.0\/?page_id=11"},"modified":"2024-01-20T05:38:40","modified_gmt":"2024-01-20T05:38:40","slug":"desarrollamos-servicios-y-productos-de-calidad-utilizando-creatividad-y-tecnologia","status":"publish","type":"page","link":"https:\/\/kawaconstruction.com\/en\/nosotros-home\/desarrollamos-servicios-y-productos-de-calidad-utilizando-creatividad-y-tecnologia\/","title":{"rendered":"Desarrollamos servicios y productos de calidad utilizando creatividad y tecnolog\u00eda"},"content":{"rendered":"<p>KAWAC CONSTRUCCIONES S.A. de C.V. is a mexican company dedicated to provide construction services, pavement and asphalt mixtures, machinery design and rental in public and private sectors, which has the mission to satisfy each costumers\u2019 needs before, during, and after each finished project.<\/p>","protected":false},"excerpt":{"rendered":"<p>KAWAC CONSTRUCCIONES S.A. de C.V, es una Empresa Mexicana dedicada a brindar servicios de construcci\u00f3n, pavimentos y mezclas asf\u00e1lticas, dise\u00f1o y renta de maquinaria en el \u00e1mbito p\u00fablico y privado, [&hellip;]<\/p>","protected":false},"author":1,"featured_media":0,"parent":8,"menu_order":0,"comment_status":"closed","ping_status":"closed","template":"","meta":{"footnotes":""},"class_list":["post-11","page","type-page","status-publish","hentry"],"acf":[],"_links":{"self":[{"href":"https:\/\/kawaconstruction.com\/en\/wp-json\/wp\/v2\/pages\/11","targetHints":{"allow":["GET"]}}],"collection":[{"href":"https:\/\/kawaconstruction.com\/en\/wp-json\/wp\/v2\/pages"}],"about":[{"href":"https:\/\/kawaconstruction.com\/en\/wp-json\/wp\/v2\/types\/page"}],"author":[{"embeddable":true,"href":"https:\/\/kawaconstruction.com\/en\/wp-json\/wp\/v2\/users\/1"}],"replies":[{"embeddable":true,"href":"https:\/\/kawaconstruction.com\/en\/wp-json\/wp\/v2\/comments?post=11"}],"version-history":[{"count":1,"href":"https:\/\/kawaconstruction.com\/en\/wp-json\/wp\/v2\/pages\/11\/revisions"}],"predecessor-version":[{"id":12,"href":"https:\/\/kawaconstruction.com\/en\/wp-json\/wp\/v2\/pages\/11\/revisions\/12"}],"up":[{"embeddable":true,"href":"https:\/\/kawaconstruction.com\/en\/wp-json\/wp\/v2\/pages\/8"}],"wp:attachment":[{"href":"https:\/\/kawaconstruction.com\/en\/wp-json\/wp\/v2\/media?parent=11"}],"curies":[{"name":"wp","href":"https:\/\/api.w.org\/{rel}","templated":true}]}}